{"id":265,"date":"2024-07-19T23:28:36","date_gmt":"2024-07-20T02:28:36","guid":{"rendered":"https:\/\/sultec.com.br\/vistoria\/?page_id=265"},"modified":"2024-07-19T23:32:10","modified_gmt":"2024-07-20T02:32:10","slug":"termos-de-servico","status":"publish","type":"page","link":"https:\/\/sultec.com.br\/vistoria\/termos-de-servico\/","title":{"rendered":"Termos de Servi\u00e7o"},"content":{"rendered":"\t\t<div data-elementor-type=\"wp-page\" data-elementor-id=\"265\" class=\"elementor elementor-265\" data-elementor-post-type=\"page\">\n\t\t\t\t<div class=\"elementor-element elementor-element-52cbfa97 e-flex e-con-boxed e-con e-parent\" data-id=\"52cbfa97\" data-element_type=\"container\">\n\t\t\t\t\t<div class=\"e-con-inner\">\n\t\t\t\t<div class=\"elementor-element elementor-element-21e8f3d8 elementor-widget elementor-widget-image\" data-id=\"21e8f3d8\" data-element_type=\"widget\" data-widget_type=\"image.default\">\n\t\t\t\t<div class=\"elementor-widget-container\">\n\t\t\t\t\t\t\t\t\t\t\t\t\t\t\t<img decoding=\"async\" src=\"http:\/\/sultec.com.br\/vistoria\/wp-content\/uploads\/2024\/07\/logo.png\" title=\"\" alt=\"\" loading=\"lazy\" \/>\t\t\t\t\t\t\t\t\t\t\t\t\t\t\t<\/div>\n\t\t\t\t<\/div>\n\t\t\t\t<div class=\"elementor-element elementor-element-14337764 elementor-widget elementor-widget-heading\" data-id=\"14337764\" data-element_type=\"widget\" data-widget_type=\"heading.default\">\n\t\t\t\t<div class=\"elementor-widget-container\">\n\t\t\t\t\t<h1 class=\"elementor-heading-title elementor-size-default\">Termos de Servi\u00e7o\n\n<\/h1>\t\t\t\t<\/div>\n\t\t\t\t<\/div>\n\t\t\t\t<div class=\"elementor-element elementor-element-5987c4f6 elementor-widget elementor-widget-heading\" data-id=\"5987c4f6\" data-element_type=\"widget\" data-widget_type=\"heading.default\">\n\t\t\t\t<div class=\"elementor-widget-container\">\n\t\t\t\t\t<h3 class=\"elementor-heading-title elementor-size-default\">SULTEC VISTORIA DE VE\u00cdCULOS LTDA\n<\/h3>\t\t\t\t<\/div>\n\t\t\t\t<\/div>\n\t\t\t\t<div class=\"elementor-element elementor-element-768fb058 elementor-widget elementor-widget-text-editor\" data-id=\"768fb058\" data-element_type=\"widget\" data-widget_type=\"text-editor.default\">\n\t\t\t\t<div class=\"elementor-widget-container\">\n\t\t\t\t\t\t\t\t\t<p>CNPJ: 05.799.163\/0001-08<br \/>Rua Bernardo Pires, 299 &#8211; Santana, Porto Alegre &#8211; RS, 90.620-010<\/p>\t\t\t\t\t\t\t\t<\/div>\n\t\t\t\t<\/div>\n\t\t\t\t<div class=\"elementor-element elementor-element-3f8941b0 elementor-widget elementor-widget-heading\" data-id=\"3f8941b0\" data-element_type=\"widget\" data-widget_type=\"heading.default\">\n\t\t\t\t<div class=\"elementor-widget-container\">\n\t\t\t\t\t<h3 class=\"elementor-heading-title elementor-size-default\">Data de Vig\u00eancia: 01\/07\/2024<\/h3>\t\t\t\t<\/div>\n\t\t\t\t<\/div>\n\t\t\t\t<div class=\"elementor-element elementor-element-a012c2b elementor-widget elementor-widget-image-box\" data-id=\"a012c2b\" data-element_type=\"widget\" data-widget_type=\"image-box.default\">\n\t\t\t\t<div class=\"elementor-widget-container\">\n\t\t\t\t\t<div class=\"elementor-image-box-wrapper\"><div class=\"elementor-image-box-content\"><h3 class=\"elementor-image-box-title\">1. Aceita\u00e7\u00e3o dos Termos<\/h3><p class=\"elementor-image-box-description\">Ao acessar e utilizar os servi\u00e7os oferecidos pela SULTEC VISTORIA DE VE\u00cdCULOS LTDA, voc\u00ea concorda em cumprir e ficar vinculado a estes Termos de Servi\u00e7o. Se voc\u00ea n\u00e3o concordar com estes termos, n\u00e3o utilize nossos servi\u00e7os.<\/p><\/div><\/div>\t\t\t\t<\/div>\n\t\t\t\t<\/div>\n\t\t\t\t<div class=\"elementor-element elementor-element-1601022a elementor-widget elementor-widget-image-box\" data-id=\"1601022a\" data-element_type=\"widget\" data-widget_type=\"image-box.default\">\n\t\t\t\t<div class=\"elementor-widget-container\">\n\t\t\t\t\t<div class=\"elementor-image-box-wrapper\"><div class=\"elementor-image-box-content\"><h3 class=\"elementor-image-box-title\">2. Servi\u00e7os Oferecidos<\/h3><p class=\"elementor-image-box-description\">Oferecemos servi\u00e7os de consulta veicular e vistoria cautelar para fornecer informa\u00e7\u00f5es detalhadas e avalia\u00e7\u00f5es sobre ve\u00edculos. Nossos servi\u00e7os est\u00e3o dispon\u00edveis atrav\u00e9s do nosso site.<\/p><\/div><\/div>\t\t\t\t<\/div>\n\t\t\t\t<\/div>\n\t\t\t\t<div class=\"elementor-element elementor-element-6ed54b19 elementor-widget elementor-widget-image-box\" data-id=\"6ed54b19\" data-element_type=\"widget\" data-widget_type=\"image-box.default\">\n\t\t\t\t<div class=\"elementor-widget-container\">\n\t\t\t\t\t<div class=\"elementor-image-box-wrapper\"><div class=\"elementor-image-box-content\"><h3 class=\"elementor-image-box-title\">3. Uso dos Servi\u00e7os<\/h3><p class=\"elementor-image-box-description\">Voc\u00ea concorda em utilizar nossos servi\u00e7os apenas para fins legais e de acordo com estes Termos de Servi\u00e7o. Voc\u00ea n\u00e3o deve:\n<br>\n<br>\n<ul class=\"lista\">\n<li>Usar nossos servi\u00e7os de qualquer forma que possa danificar, desativar ou sobrecarregar nossos servidores ou redes.<br>\n<\/li><li>\nInterferir com o uso e aproveitamento dos servi\u00e7os por outros usu\u00e1rios.<br>\n<\/li><li>\nTentar obter acesso n\u00e3o autorizado a qualquer parte dos nossos servi\u00e7os..<br>\n<\/li>\n<\/ul><\/p><\/div><\/div>\t\t\t\t<\/div>\n\t\t\t\t<\/div>\n\t\t\t\t<div class=\"elementor-element elementor-element-700fdb31 elementor-widget elementor-widget-image-box\" data-id=\"700fdb31\" data-element_type=\"widget\" data-widget_type=\"image-box.default\">\n\t\t\t\t<div class=\"elementor-widget-container\">\n\t\t\t\t\t<div class=\"elementor-image-box-wrapper\"><div class=\"elementor-image-box-content\"><h3 class=\"elementor-image-box-title\">4. Pagamento e Pre\u00e7os<\/h3><p class=\"elementor-image-box-description\">Os pre\u00e7os dos nossos servi\u00e7os est\u00e3o dispon\u00edveis em nosso site. Reservamo-nos o direito de alterar os pre\u00e7os a qualquer momento, mas notificaremos voc\u00ea antes de qualquer mudan\u00e7a que afete os servi\u00e7os que voc\u00ea j\u00e1 contratou.<\/p><\/div><\/div>\t\t\t\t<\/div>\n\t\t\t\t<\/div>\n\t\t\t\t<div class=\"elementor-element elementor-element-54f01d51 elementor-widget elementor-widget-image-box\" data-id=\"54f01d51\" data-element_type=\"widget\" data-widget_type=\"image-box.default\">\n\t\t\t\t<div class=\"elementor-widget-container\">\n\t\t\t\t\t<div class=\"elementor-image-box-wrapper\"><div class=\"elementor-image-box-content\"><h3 class=\"elementor-image-box-title\">5. Pol\u00edtica de Cancelamento<\/h3><p class=\"elementor-image-box-description\">Voc\u00ea pode cancelar nossos servi\u00e7os a qualquer momento, mas observe que podem aplicar-se taxas de cancelamento conforme descrito em nossa pol\u00edtica de cancelamento. Para cancelar, entre em contato conosco pelo e-mail sulte@sultec.com.br.<\/p><\/div><\/div>\t\t\t\t<\/div>\n\t\t\t\t<\/div>\n\t\t\t\t<div class=\"elementor-element elementor-element-2b574404 elementor-widget elementor-widget-image-box\" data-id=\"2b574404\" data-element_type=\"widget\" data-widget_type=\"image-box.default\">\n\t\t\t\t<div class=\"elementor-widget-container\">\n\t\t\t\t\t<div class=\"elementor-image-box-wrapper\"><div class=\"elementor-image-box-content\"><h3 class=\"elementor-image-box-title\">6. Limita\u00e7\u00e3o de Responsabilidade<\/h3><p class=\"elementor-image-box-description\">Na m\u00e1xima extens\u00e3o permitida pela lei aplic\u00e1vel, a SULTEC VISTORIA DE VE\u00cdCULOS LTDA n\u00e3o ser\u00e1 respons\u00e1vel por quaisquer danos indiretos, incidentais, especiais, consequenciais ou punitivos, ou qualquer perda de lucro ou receita, incorridos direta ou indiretamente.<\/p><\/div><\/div>\t\t\t\t<\/div>\n\t\t\t\t<\/div>\n\t\t\t\t<div class=\"elementor-element elementor-element-24096616 elementor-widget elementor-widget-image-box\" data-id=\"24096616\" data-element_type=\"widget\" data-widget_type=\"image-box.default\">\n\t\t\t\t<div class=\"elementor-widget-container\">\n\t\t\t\t\t<div class=\"elementor-image-box-wrapper\"><div class=\"elementor-image-box-content\"><h3 class=\"elementor-image-box-title\">7. Modifica\u00e7\u00f5es dos Termos<\/h3><p class=\"elementor-image-box-description\">Podemos modificar estes Termos de Servi\u00e7o periodicamente. Se fizermos altera\u00e7\u00f5es substanciais, notificaremos voc\u00ea publicando os termos revisados em nosso site e atualizando a data de vig\u00eancia. O uso continuado de nossos servi\u00e7os ap\u00f3s tais altera\u00e7\u00f5es constitui sua aceita\u00e7\u00e3o dos novos termos.<\/p><\/div><\/div>\t\t\t\t<\/div>\n\t\t\t\t<\/div>\n\t\t\t\t<div class=\"elementor-element elementor-element-4b520407 elementor-widget__width-initial elementor-widget elementor-widget-image-box\" data-id=\"4b520407\" data-element_type=\"widget\" data-widget_type=\"image-box.default\">\n\t\t\t\t<div class=\"elementor-widget-container\">\n\t\t\t\t\t<div class=\"elementor-image-box-wrapper\"><div class=\"elementor-image-box-content\"><h3 class=\"elementor-image-box-title\">8. Lei Aplic\u00e1vel<\/h3><p class=\"elementor-image-box-description\">Estes Termos de Servi\u00e7o ser\u00e3o regidos e interpretados de acordo com as leis do Brasil, sem considerar conflitos de disposi\u00e7\u00f5es legais.<\/p><\/div><\/div>\t\t\t\t<\/div>\n\t\t\t\t<\/div>\n\t\t\t\t<div class=\"elementor-element elementor-element-468332b9 elementor-widget elementor-widget-image-box\" data-id=\"468332b9\" data-element_type=\"widget\" data-widget_type=\"image-box.default\">\n\t\t\t\t<div class=\"elementor-widget-container\">\n\t\t\t\t\t<div class=\"elementor-image-box-wrapper\"><div class=\"elementor-image-box-content\"><h3 class=\"elementor-image-box-title\">8. Contato<\/h3><p class=\"elementor-image-box-description\">Se voc\u00ea tiver d\u00favidas sobre estes Termos de Servi\u00e7o, entre em contato conosco:<br>\n<ul class=\"lista\">\n<br><li><b>E-mail:<\/b> sultec@sultec.com.br\n<br><\/li><li>\n<b>Telefone:<\/b> 51 3393 0600<\/li>\n<\/ul><\/p><\/div><\/div>\t\t\t\t<\/div>\n\t\t\t\t<\/div>\n\t\t\t\t\t<\/div>\n\t\t\t\t<\/div>\n\t\t<footer class=\"elementor-element elementor-element-35e2e04a e-flex e-con-boxed e-con e-parent\" data-id=\"35e2e04a\" data-element_type=\"container\" data-settings=\"{&quot;background_background&quot;:&quot;classic&quot;}\">\n\t\t\t\t\t<div class=\"e-con-inner\">\n\t\t\t\t<div class=\"elementor-element elementor-element-11f4211b elementor-widget elementor-widget-text-editor\" data-id=\"11f4211b\" data-element_type=\"widget\" data-widget_type=\"text-editor.default\">\n\t\t\t\t<div class=\"elementor-widget-container\">\n\t\t\t\t\t\t\t\t\t<p>\u00a9 2024 Sultec Vistorias &#8211; Todos os Direitos Reservados<\/p>\t\t\t\t\t\t\t\t<\/div>\n\t\t\t\t<\/div>\n\t\t\t\t\t<\/div>\n\t\t\t\t<\/footer>\n\t\t\t\t<\/div>\n\t\t","protected":false},"excerpt":{"rendered":"<p>Termos de Servi\u00e7o SULTEC VISTORIA DE VE\u00cdCULOS LTDA CNPJ: 05.799.163\/0001-08Rua Bernardo Pires, 299 &#8211; Santana, Porto Alegre &#8211; RS, 90.620-010 Data de Vig\u00eancia: 01\/07\/2024 1. Aceita\u00e7\u00e3o dos Termos Ao acessar e utilizar os servi\u00e7os oferecidos pela SULTEC VISTORIA DE VE\u00cdCULOS LTDA, voc\u00ea concorda em cumprir e ficar vinculado a estes Termos de Servi\u00e7o. Se voc\u00ea [&hellip;]<\/p>\n","protected":false},"author":1,"featured_media":0,"parent":0,"menu_order":0,"comment_status":"closed","ping_status":"closed","template":"elementor_canvas","meta":{"inline_featured_image":false,"footnotes":""},"class_list":["post-265","page","type-page","status-publish","hentry"],"_links":{"self":[{"href":"https:\/\/sultec.com.br\/vistoria\/wp-json\/wp\/v2\/pages\/265","targetHints":{"allow":["GET"]}}],"collection":[{"href":"https:\/\/sultec.com.br\/vistoria\/wp-json\/wp\/v2\/pages"}],"about":[{"href":"https:\/\/sultec.com.br\/vistoria\/wp-json\/wp\/v2\/types\/page"}],"author":[{"embeddable":true,"href":"https:\/\/sultec.com.br\/vistoria\/wp-json\/wp\/v2\/users\/1"}],"replies":[{"embeddable":true,"href":"https:\/\/sultec.com.br\/vistoria\/wp-json\/wp\/v2\/comments?post=265"}],"version-history":[{"count":4,"href":"https:\/\/sultec.com.br\/vistoria\/wp-json\/wp\/v2\/pages\/265\/revisions"}],"predecessor-version":[{"id":272,"href":"https:\/\/sultec.com.br\/vistoria\/wp-json\/wp\/v2\/pages\/265\/revisions\/272"}],"wp:attachment":[{"href":"https:\/\/sultec.com.br\/vistoria\/wp-json\/wp\/v2\/media?parent=265"}],"curies":[{"name":"wp","href":"https:\/\/api.w.org\/{rel}","templated":true}]}}